{"id":111,"date":"2020-09-25T21:48:43","date_gmt":"2020-09-25T19:48:43","guid":{"rendered":"https:\/\/afainsvalldellemena.wordpress.com\/?page_id=111"},"modified":"2022-03-24T21:47:47","modified_gmt":"2022-03-24T21:47:47","slug":"com-ser-soci","status":"publish","type":"page","link":"http:\/\/afainsvalldellemena.cat\/index.php\/com-ser-soci\/","title":{"rendered":"Com ser soci@?"},"content":{"rendered":"\n<p>Poden ser s\u00f2cies de l\u2019AFA totes les fam\u00edlies\/tutors legals que tinguin un fill\/a que cursi estudis a l\u2019Institut Vall de Ll\u00e9mena.<\/p>\n\n\n\n<p><strong>Per ser-ne soci\/a<\/strong>, cal pagar la <strong>quota anual<\/strong> corresponent. Cada fam\u00edlia \/ tutors legals, paga una sola quota, independentment dels fills\/es inscrits.\u00a0<\/p>\n\n\n\n<p>Generalment el <strong>pagament de la quota<\/strong> el fem en el moment de realitzar la <strong>compra conjunta de llibres.<\/strong><\/p>\n\n\n\n<hr class=\"wp-block-separator is-style-wide\"\/>\n\n\n\n<h2>Documents<\/h2>\n\n\n\n<div class=\"wp-block-file\"><a href=\"http:\/\/afainsvalldellemena.cat\/wp-content\/uploads\/2020\/09\/Butlleta-de-soci-AFA-Institut-Vall-de-Llemena.pdf\"><strong>Butlleta de soci<\/strong><\/a><a href=\"http:\/\/afainsvalldellemena.cat\/wp-content\/uploads\/2020\/09\/Butlleta-de-soci-AFA-Institut-Vall-de-Llemena.pdf\" class=\"wp-block-file__button\" download>DESCARREGA<\/a><\/div>\n\n\n\n<div class=\"wp-block-file\"><a href=\"http:\/\/afainsvalldellemena.cat\/wp-content\/uploads\/2020\/09\/Clausula-LOPD-AFA-Institut-Vall-de-LLemena.pdf\"><strong>Cl\u00e0usula autoritzaci\u00f3 \u00fas d&#8217;imatges<\/strong><\/a><a href=\"http:\/\/afainsvalldellemena.cat\/wp-content\/uploads\/2020\/09\/Clausula-LOPD-AFA-Institut-Vall-de-LLemena.pdf\" class=\"wp-block-file__button\" download>DescaRREGA<\/a><\/div>\n\n\n\n<p><\/p>\n","protected":false},"excerpt":{"rendered":"<p>Poden ser s\u00f2cies de l\u2019AFA totes les fam\u00edlies\/tutors legals que tinguin un fill\/a que cursi estudis a l\u2019Institut Vall de Ll\u00e9mena. Per ser-ne soci\/a, cal pagar la quota anual corresponent. Cada fam\u00edlia \/ tutors legals, paga una sola quota, independentment dels fills\/es inscrits.\u00a0 Generalment el pagament de la quota el fem en el moment de<a class=\"more-link\" href=\"http:\/\/afainsvalldellemena.cat\/index.php\/com-ser-soci\/\">Continue reading <span class=\"screen-reader-text\">&#8220;Com ser soci@?&#8221;<\/span><\/a><\/p>\n","protected":false},"author":1,"featured_media":0,"parent":0,"menu_order":0,"comment_status":"closed","ping_status":"closed","template":"","meta":[],"_links":{"self":[{"href":"http:\/\/afainsvalldellemena.cat\/index.php\/wp-json\/wp\/v2\/pages\/111"}],"collection":[{"href":"http:\/\/afainsvalldellemena.cat\/index.php\/wp-json\/wp\/v2\/pages"}],"about":[{"href":"http:\/\/afainsvalldellemena.cat\/index.php\/wp-json\/wp\/v2\/types\/page"}],"author":[{"embeddable":true,"href":"http:\/\/afainsvalldellemena.cat\/index.php\/wp-json\/wp\/v2\/users\/1"}],"replies":[{"embeddable":true,"href":"http:\/\/afainsvalldellemena.cat\/index.php\/wp-json\/wp\/v2\/comments?post=111"}],"version-history":[{"count":3,"href":"http:\/\/afainsvalldellemena.cat\/index.php\/wp-json\/wp\/v2\/pages\/111\/revisions"}],"predecessor-version":[{"id":252,"href":"http:\/\/afainsvalldellemena.cat\/index.php\/wp-json\/wp\/v2\/pages\/111\/revisions\/252"}],"wp:attachment":[{"href":"http:\/\/afainsvalldellemena.cat\/index.php\/wp-json\/wp\/v2\/media?parent=111"}],"curies":[{"name":"wp","href":"https:\/\/api.w.org\/{rel}","templated":true}]}}