{"id":119,"date":"2020-09-25T21:50:25","date_gmt":"2020-09-25T19:50:25","guid":{"rendered":"https:\/\/afainsvalldellemena.wordpress.com\/?page_id=119"},"modified":"2024-09-23T15:49:52","modified_gmt":"2024-09-23T15:49:52","slug":"espai-dintercanvi","status":"publish","type":"page","link":"http:\/\/afainsvalldellemena.cat\/index.php\/espai-dintercanvi\/","title":{"rendered":"Espai d&#8217;intercanvi"},"content":{"rendered":"\n<div class=\"wp-block-media-text alignwide is-stacked-on-mobile\" style=\"grid-template-columns:35% auto\"><figure class=\"wp-block-media-text__media\"><img loading=\"lazy\" width=\"1880\" height=\"1253\" src=\"http:\/\/afainsvalldellemena.cat\/wp-content\/uploads\/2020\/09\/school-notebook-binders-notepad-159497.jpeg\" alt=\"\" class=\"wp-image-182 size-full\" srcset=\"http:\/\/afainsvalldellemena.cat\/wp-content\/uploads\/2020\/09\/school-notebook-binders-notepad-159497.jpeg 1880w, http:\/\/afainsvalldellemena.cat\/wp-content\/uploads\/2020\/09\/school-notebook-binders-notepad-159497-300x200.jpeg 300w, http:\/\/afainsvalldellemena.cat\/wp-content\/uploads\/2020\/09\/school-notebook-binders-notepad-159497-1024x682.jpeg 1024w, http:\/\/afainsvalldellemena.cat\/wp-content\/uploads\/2020\/09\/school-notebook-binders-notepad-159497-768x512.jpeg 768w, http:\/\/afainsvalldellemena.cat\/wp-content\/uploads\/2020\/09\/school-notebook-binders-notepad-159497-1536x1024.jpeg 1536w, http:\/\/afainsvalldellemena.cat\/wp-content\/uploads\/2020\/09\/school-notebook-binders-notepad-159497-1568x1045.jpeg 1568w\" sizes=\"(max-width: 1880px) 100vw, 1880px\" \/><\/figure><div class=\"wp-block-media-text__content\">\n<p class=\"has-large-font-size\"><em>Hem creat un grup de WhatsApp per comprar o vendre material escolar, llibres, eines, etc.<\/em><\/p>\n\n\n\n<p class=\"has-large-font-size\"><br>Per unir-te al grup envia un correu a <strong>afainsvalldellemena@gmail.com <\/strong>indicant promoci\u00f3, curs i n\u00famero de m\u00f2bil i t&#8217;enviarem l&#8217;enlla\u00e7 per unir-t&#8217;hi directament.<\/p>\n<\/div><\/div>\n\n\n\n<div class=\"wp-block-buttons is-content-justification-center\"><\/div>\n\n\n\n<p><\/p>\n","protected":false},"excerpt":{"rendered":"<p>Hem creat un grup de WhatsApp per comprar o vendre material escolar, llibres, eines, etc. Per unir-te al grup envia un correu a afainsvalldellemena@gmail.com indicant promoci\u00f3, curs i n\u00famero de m\u00f2bil i t&#8217;enviarem l&#8217;enlla\u00e7 per unir-t&#8217;hi directament.<\/p>\n","protected":false},"author":1,"featured_media":0,"parent":0,"menu_order":0,"comment_status":"closed","ping_status":"closed","template":"","meta":[],"_links":{"self":[{"href":"http:\/\/afainsvalldellemena.cat\/index.php\/wp-json\/wp\/v2\/pages\/119"}],"collection":[{"href":"http:\/\/afainsvalldellemena.cat\/index.php\/wp-json\/wp\/v2\/pages"}],"about":[{"href":"http:\/\/afainsvalldellemena.cat\/index.php\/wp-json\/wp\/v2\/types\/page"}],"author":[{"embeddable":true,"href":"http:\/\/afainsvalldellemena.cat\/index.php\/wp-json\/wp\/v2\/users\/1"}],"replies":[{"embeddable":true,"href":"http:\/\/afainsvalldellemena.cat\/index.php\/wp-json\/wp\/v2\/comments?post=119"}],"version-history":[{"count":4,"href":"http:\/\/afainsvalldellemena.cat\/index.php\/wp-json\/wp\/v2\/pages\/119\/revisions"}],"predecessor-version":[{"id":324,"href":"http:\/\/afainsvalldellemena.cat\/index.php\/wp-json\/wp\/v2\/pages\/119\/revisions\/324"}],"wp:attachment":[{"href":"http:\/\/afainsvalldellemena.cat\/index.php\/wp-json\/wp\/v2\/media?parent=119"}],"curies":[{"name":"wp","href":"https:\/\/api.w.org\/{rel}","templated":true}]}}