{"id":39,"date":"2020-09-23T22:14:31","date_gmt":"2020-09-23T20:14:31","guid":{"rendered":"https:\/\/afainsvalldellemena.wordpress.com\/?page_id=39"},"modified":"2022-03-24T21:47:47","modified_gmt":"2022-03-24T21:47:47","slug":"pagina-de-inicio","status":"publish","type":"page","link":"https:\/\/afainsvalldellemena.cat\/","title":{"rendered":""},"content":{"rendered":"\n<div class=\"wp-block-columns alignwide has-3-columns\">\n<div class=\"wp-block-column\">\n<p><\/p>\n\n\n\n<h4 class=\"has-text-align-center\">Qui som?<\/h4>\n\n\n\n<div class=\"wp-block-image is-style-rounded\"><figure class=\"aligncenter size-large\"><a href=\"http:\/\/afainsvalldellemena.cat\/index.php\/qui-som\/\"><img loading=\"lazy\" width=\"1871\" height=\"1300\" src=\"http:\/\/afainsvalldellemena.cat\/wp-content\/uploads\/2020\/09\/pexels-photo-355952.jpeg\" alt=\"\" class=\"wp-image-91\" srcset=\"https:\/\/afainsvalldellemena.cat\/wp-content\/uploads\/2020\/09\/pexels-photo-355952.jpeg 1871w, https:\/\/afainsvalldellemena.cat\/wp-content\/uploads\/2020\/09\/pexels-photo-355952-300x208.jpeg 300w, https:\/\/afainsvalldellemena.cat\/wp-content\/uploads\/2020\/09\/pexels-photo-355952-1024x711.jpeg 1024w, https:\/\/afainsvalldellemena.cat\/wp-content\/uploads\/2020\/09\/pexels-photo-355952-768x534.jpeg 768w, https:\/\/afainsvalldellemena.cat\/wp-content\/uploads\/2020\/09\/pexels-photo-355952-1536x1067.jpeg 1536w, https:\/\/afainsvalldellemena.cat\/wp-content\/uploads\/2020\/09\/pexels-photo-355952-1568x1089.jpeg 1568w\" sizes=\"(max-width: 1871px) 100vw, 1871px\" \/><\/a><figcaption>Photo by Pixabay on <a href=\"https:\/\/www.pexels.com\/es-es\/foto\/analisis-bocadillo-bombilla-burbuja-355952\/\" rel=\"nofollow\">Pexels.com<\/a><\/figcaption><\/figure><\/div>\n\n\n\n<p class=\"has-text-align-center\"><a href=\"http:\/\/afainsvalldellemena.cat\/index.php\/qui-som\/\"><a href=\"http:\/\/afainsvalldellemena.cat\/index.php\/qui-som\/\">L\u2019AFA la formem les fam\u00edlies dels alumnes de l\u2019Institut de la Vall de Ll\u00e9mena que ho desitgen. Els nostres objectius, que s\u00f3n recollits en els ESTATUTS,\u00a0 es centren en tots aquells aspectes que contribueixen a la formaci\u00f3 i educaci\u00f3 de l\u2019alumnat.<\/a><\/a><\/p>\n\n\n\n<div style=\"height:25px\" aria-hidden=\"true\" class=\"wp-block-spacer\"><\/div>\n<\/div>\n\n\n\n<div class=\"wp-block-column\">\n<p><\/p>\n\n\n\n<h4 class=\"has-text-align-center\">Com ser soci@?<\/h4>\n\n\n\n<figure class=\"wp-block-image size-large is-resized is-style-rounded\"><a href=\"http:\/\/afainsvalldellemena.cat\/index.php\/com-ser-soci\/\"><img loading=\"lazy\" src=\"http:\/\/afainsvalldellemena.cat\/wp-content\/uploads\/2020\/09\/pexels-photo-1116302.jpeg\" alt=\"\" class=\"wp-image-90\" width=\"334\" height=\"197\"\/><\/a><figcaption>Photo by @thiszun (follow me on IG, FB) on <a href=\"https:\/\/www.pexels.com\/es-es\/foto\/al-aire-libre-amistad-chavalas-chicas-1116302\/\" rel=\"nofollow\">Pexels.com<\/a><\/figcaption><\/figure>\n\n\n\n<p class=\"has-text-align-center\"><a href=\"http:\/\/afainsvalldellemena.cat\/index.php\/com-ser-soci\/\"><a href=\"http:\/\/afainsvalldellemena.cat\/index.php\/com-ser-soci\/\">Poden ser s\u00f2cies de l\u2019AFA totes les fam\u00edlies que tinguin un fill\/a que cursi els seus estudis a l\u2019Institut Vall de Ll\u00e9mena. Per ser-ne soci, cal pagar una quota anual per fam\u00edlia.<\/a><\/a><\/p>\n<\/div>\n\n\n\n<div class=\"wp-block-column\">\n<p><\/p>\n\n\n\n<h4 class=\"has-text-align-center\">Documents<\/h4>\n\n\n\n<figure class=\"wp-block-image size-large is-style-rounded\"><a href=\"http:\/\/afainsvalldellemena.cat\/index.php\/documents\/\"><img loading=\"lazy\" width=\"1880\" height=\"1253\" src=\"http:\/\/afainsvalldellemena.cat\/wp-content\/uploads\/2020\/09\/pexels-photo-1181772.jpeg\" alt=\"\" class=\"wp-image-88\" srcset=\"https:\/\/afainsvalldellemena.cat\/wp-content\/uploads\/2020\/09\/pexels-photo-1181772.jpeg 1880w, https:\/\/afainsvalldellemena.cat\/wp-content\/uploads\/2020\/09\/pexels-photo-1181772-300x200.jpeg 300w, https:\/\/afainsvalldellemena.cat\/wp-content\/uploads\/2020\/09\/pexels-photo-1181772-1024x682.jpeg 1024w, https:\/\/afainsvalldellemena.cat\/wp-content\/uploads\/2020\/09\/pexels-photo-1181772-768x512.jpeg 768w, https:\/\/afainsvalldellemena.cat\/wp-content\/uploads\/2020\/09\/pexels-photo-1181772-1536x1024.jpeg 1536w, https:\/\/afainsvalldellemena.cat\/wp-content\/uploads\/2020\/09\/pexels-photo-1181772-1568x1045.jpeg 1568w\" sizes=\"(max-width: 1880px) 100vw, 1880px\" \/><\/a><figcaption>Photo by Mike on <a href=\"https:\/\/www.pexels.com\/es-es\/foto\/adentro-archivos-arreglo-carpetas-1181772\/\" rel=\"nofollow\">Pexels.com<\/a><\/figcaption><\/figure>\n\n\n\n<p class=\"has-text-align-center\"><a href=\"http:\/\/afainsvalldellemena.cat\/index.php\/documents\/\" data-type=\"URL\" data-id=\"http:\/\/afainsvalldellemena.cat\/index.php\/documents\/\"><a href=\"http:\/\/afainsvalldellemena.cat\/index.php\/documents\/\">En aquest apartat trobareu tots els documents generats per l\u2019AFA: Els estatuts, el protocol de fons solidari, les mem\u00f2ries, les actes de les assemblees\u2026<\/a><\/a><\/p>\n<\/div>\n<\/div>\n\n\n\n<hr class=\"wp-block-separator wp-block-coblocks-dynamic-separator\"\/>\n\n\n\n<div class=\"wp-block-columns alignwide has-3-columns\">\n<div class=\"wp-block-column\">\n<h4 class=\"has-text-align-center\">Men\u00fa<\/h4>\n\n\n\n<figure class=\"wp-block-image size-large is-style-rounded\"><a href=\"https:\/\/drive.google.com\/drive\/u\/2\/folders\/1njoD_NOFNqbJmj6xCkeT_hdNB6xfF8S7\"><img loading=\"lazy\" width=\"1880\" height=\"1143\" src=\"http:\/\/afainsvalldellemena.cat\/wp-content\/uploads\/2020\/09\/pexels-photo-406152-1.jpeg\" alt=\"\" class=\"wp-image-97\" srcset=\"https:\/\/afainsvalldellemena.cat\/wp-content\/uploads\/2020\/09\/pexels-photo-406152-1.jpeg 1880w, https:\/\/afainsvalldellemena.cat\/wp-content\/uploads\/2020\/09\/pexels-photo-406152-1-300x182.jpeg 300w, https:\/\/afainsvalldellemena.cat\/wp-content\/uploads\/2020\/09\/pexels-photo-406152-1-1024x623.jpeg 1024w, https:\/\/afainsvalldellemena.cat\/wp-content\/uploads\/2020\/09\/pexels-photo-406152-1-768x467.jpeg 768w, https:\/\/afainsvalldellemena.cat\/wp-content\/uploads\/2020\/09\/pexels-photo-406152-1-1536x934.jpeg 1536w, https:\/\/afainsvalldellemena.cat\/wp-content\/uploads\/2020\/09\/pexels-photo-406152-1-1568x953.jpeg 1568w\" sizes=\"(max-width: 1880px) 100vw, 1880px\" \/><\/a><figcaption>Photo by Buenosia Carol on <a href=\"https:\/\/www.pexels.com\/es-es\/foto\/aperitivo-cena-cocina-comer-406152\/\" rel=\"nofollow\">Pexels.com<\/a><\/figcaption><\/figure>\n\n\n\n<p class=\"has-text-align-center\"><a href=\"https:\/\/drive.google.com\/drive\/u\/2\/folders\/1njoD_NOFNqbJmj6xCkeT_hdNB6xfF8S7\" target=\"_blank\" rel=\"noreferrer noopener\">Cada mes anirem publicant en aquest apartat el men\u00fa del menjador de l\u2019institut. El menjador \u00e9s gestionat per la Mancomunitat de la Vall de Ll\u00e9mena, i la documentaci\u00f3 necess\u00e0ria per inscriure-s\u2019hi es pot obtenir a l\u2019Ajuntament de Sant Gregori.<\/a><\/p>\n<\/div>\n\n\n\n<div class=\"wp-block-column\">\n<h4 class=\"has-text-align-center\">Programa de reutilitzaci\u00f3<\/h4>\n\n\n\n<figure class=\"wp-block-image size-large is-style-rounded\"><a href=\"http:\/\/afainsvalldellemena.cat\/index.php\/reutilitzacio-de-llibres\/\"><img loading=\"lazy\" width=\"1880\" height=\"1254\" src=\"http:\/\/afainsvalldellemena.cat\/wp-content\/uploads\/2020\/09\/pexels-photo-289737.jpeg\" alt=\"\" class=\"wp-image-100\" srcset=\"https:\/\/afainsvalldellemena.cat\/wp-content\/uploads\/2020\/09\/pexels-photo-289737.jpeg 1880w, https:\/\/afainsvalldellemena.cat\/wp-content\/uploads\/2020\/09\/pexels-photo-289737-300x200.jpeg 300w, https:\/\/afainsvalldellemena.cat\/wp-content\/uploads\/2020\/09\/pexels-photo-289737-1024x683.jpeg 1024w, https:\/\/afainsvalldellemena.cat\/wp-content\/uploads\/2020\/09\/pexels-photo-289737-768x512.jpeg 768w, https:\/\/afainsvalldellemena.cat\/wp-content\/uploads\/2020\/09\/pexels-photo-289737-1536x1025.jpeg 1536w, https:\/\/afainsvalldellemena.cat\/wp-content\/uploads\/2020\/09\/pexels-photo-289737-1568x1046.jpeg 1568w\" sizes=\"(max-width: 1880px) 100vw, 1880px\" \/><\/a><figcaption>Photo by Pixabay on <a href=\"https:\/\/www.pexels.com\/es-es\/foto\/adentro-aprendiendo-aprendizaje-aula-289737\/\" rel=\"nofollow\">Pexels.com<\/a><\/figcaption><\/figure>\n\n\n\n<p class=\"has-text-align-center\"><a href=\"http:\/\/afainsvalldellemena.cat\/index.php\/reutilitzacio-de-llibres\/\" data-type=\"URL\" data-id=\"http:\/\/afainsvalldellemena.cat\/index.php\/reutilitzacio-de-llibres\/\"><a href=\"http:\/\/afainsvalldellemena.cat\/index.php\/reutilitzacio-de-llibres\/\">En aquest apartat trobareu tota la informaci\u00f3 sobre el projecte de reutilitzaci\u00f3 de llibres engegat per l\u2019AFA i que permet un important estalvi gr\u00e0cies a la compra conjunta i la reutilitzaci\u00f3 d\u2019alguns llibres.<\/a><\/a><\/p>\n<\/div>\n\n\n\n<div class=\"wp-block-column\">\n<h4 class=\"has-text-align-center\">Espai d&#8217;intercanvi<\/h4>\n\n\n\n<figure class=\"wp-block-image size-large is-style-rounded\"><a href=\"http:\/\/afainsvalldellemena.cat\/index.php\/espai-dintercanvi\/\"><img loading=\"lazy\" width=\"1880\" height=\"1253\" src=\"http:\/\/afainsvalldellemena.cat\/wp-content\/uploads\/2020\/09\/pexels-photo-207665.jpeg\" alt=\"\" class=\"wp-image-108\" srcset=\"https:\/\/afainsvalldellemena.cat\/wp-content\/uploads\/2020\/09\/pexels-photo-207665.jpeg 1880w, https:\/\/afainsvalldellemena.cat\/wp-content\/uploads\/2020\/09\/pexels-photo-207665-300x200.jpeg 300w, https:\/\/afainsvalldellemena.cat\/wp-content\/uploads\/2020\/09\/pexels-photo-207665-1024x682.jpeg 1024w, https:\/\/afainsvalldellemena.cat\/wp-content\/uploads\/2020\/09\/pexels-photo-207665-768x512.jpeg 768w, https:\/\/afainsvalldellemena.cat\/wp-content\/uploads\/2020\/09\/pexels-photo-207665-1536x1024.jpeg 1536w, https:\/\/afainsvalldellemena.cat\/wp-content\/uploads\/2020\/09\/pexels-photo-207665-1568x1045.jpeg 1568w\" sizes=\"(max-width: 1880px) 100vw, 1880px\" \/><\/a><figcaption>Photo by Pixabay on <a href=\"https:\/\/www.pexels.com\/es-es\/foto\/acuarelas-arte-boligrafo-colegio-207665\/\" rel=\"nofollow\">Pexels.com<\/a><\/figcaption><\/figure>\n\n\n\n<p class=\"has-text-align-center\"><a href=\"http:\/\/afainsvalldellemena.cat\/index.php\/espai-dintercanvi\/\"><a href=\"http:\/\/afainsvalldellemena.cat\/index.php\/espai-dintercanvi\/\">Espai per a posar en contacte fam\u00edlies que ofereixen material, llibres de lectura\u2026 que ja no necessiten per\u00f2 que pot ser d\u2019utilitat per a d\u2019altres fam\u00edlies.<\/a><\/a><\/p>\n<\/div>\n<\/div>\n\n\n\n<hr class=\"wp-block-separator wp-block-coblocks-dynamic-separator\"\/>\n\n\n\n<div class=\"wp-block-columns\">\n<div class=\"wp-block-column\"><\/div>\n\n\n\n<div class=\"wp-block-column\"><\/div>\n<\/div>\n\n\n\n<h2>\u00daltimes not\u00edcies<\/h2>\n\n\n\n<div class=\"wp-block-group alignfull has-background-background-color has-background\"><div class=\"wp-block-group__inner-container\"><div class=\"wp-block-group__inner-container\"><ul class=\"wp-block-latest-posts__list is-grid columns-3 has-dates aligncenter wp-block-latest-posts\"><li><div class=\"wp-block-latest-posts__featured-image aligncenter\"><img width=\"300\" height=\"225\" src=\"https:\/\/afainsvalldellemena.cat\/wp-content\/uploads\/2021\/05\/unnamed-2-300x225.png\" class=\"attachment-medium size-medium wp-post-image\" alt=\"\" loading=\"lazy\" style=\"\" srcset=\"https:\/\/afainsvalldellemena.cat\/wp-content\/uploads\/2021\/05\/unnamed-2-300x225.png 300w, https:\/\/afainsvalldellemena.cat\/wp-content\/uploads\/2021\/05\/unnamed-2.png 512w\" sizes=\"(max-width: 300px) 100vw, 300px\" \/><\/div><a href=\"https:\/\/afainsvalldellemena.cat\/index.php\/2025\/05\/15\/assemblea-general-ordinaria-2-de-juny-de-2025\/\">Assemblea General Ordin\u00e0ria 2 de juny de 2025<\/a><time datetime=\"2025-05-15T12:25:34+00:00\" class=\"wp-block-latest-posts__post-date\">15 de maig de 2025<\/time><div class=\"wp-block-latest-posts__post-excerpt\">Com a part de l&#8217;AFA et convoquem a l&#8217;ASSEMBLEA ORDIN\u00c0RIA DE L&#8217;AFA DE L&#8217;INSTITUT VALL DE LL\u00c9MENA, que es far\u00e0 virtualment a trav\u00e9s de la plataforma &#8220;Google Meet&#8221;, 02 de juny a les 19:00 en primera convocat\u00f2ria i les 19:05 en segonaL&#8217;enlla\u00e7 per connectar-t&#8217;hi el facilitarem m\u00e9s endavant. L&#8217;ordre del dia previst \u00e9s el seg\u00fcent:<a class=\"more-link\" href=\"https:\/\/afainsvalldellemena.cat\/index.php\/2025\/05\/15\/assemblea-general-ordinaria-2-de-juny-de-2025\/\">Continue reading <span class=\"screen-reader-text\">&#8220;Assemblea General Ordin\u00e0ria 2 de juny de 2025&#8221;<\/span><\/a><\/div><\/li>\n<li><div class=\"wp-block-latest-posts__featured-image aligncenter\"><img width=\"300\" height=\"225\" src=\"https:\/\/afainsvalldellemena.cat\/wp-content\/uploads\/2021\/05\/unnamed-2-300x225.png\" class=\"attachment-medium size-medium wp-post-image\" alt=\"\" loading=\"lazy\" style=\"\" srcset=\"https:\/\/afainsvalldellemena.cat\/wp-content\/uploads\/2021\/05\/unnamed-2-300x225.png 300w, https:\/\/afainsvalldellemena.cat\/wp-content\/uploads\/2021\/05\/unnamed-2.png 512w\" sizes=\"(max-width: 300px) 100vw, 300px\" \/><\/div><a href=\"https:\/\/afainsvalldellemena.cat\/index.php\/2024\/09\/21\/assemblea-general-ordinaria-16-doctubre-de-2024\/\">Assemblea General Ordin\u00e0ria 16 d&#8217;octubre de 2024<\/a><time datetime=\"2024-09-21T17:33:34+00:00\" class=\"wp-block-latest-posts__post-date\">21 de setembre de 2024<\/time><div class=\"wp-block-latest-posts__post-excerpt\">Com a part de l&#8217;AFA et convoquem a l&#8217;ASSEMBLEA ORDIN\u00c0RIA DE L&#8217;AFA DE L&#8217;INSTITUT VALL DE LL\u00c9MENA, que es far\u00e0 virtualment a trav\u00e9s de la plataforma &#8220;Google Meet&#8221;, el dimecres 16 d\u2019octubre a les 20:55 en primera convocat\u00f2ria i les 21:00 en segona.L&#8217;enlla\u00e7 per connectar-t&#8217;hi el facilitarem m\u00e9s endavant. L&#8217;ordre del dia previst \u00e9s el<a class=\"more-link\" href=\"https:\/\/afainsvalldellemena.cat\/index.php\/2024\/09\/21\/assemblea-general-ordinaria-16-doctubre-de-2024\/\">Continue reading <span class=\"screen-reader-text\">&#8220;Assemblea General Ordin\u00e0ria 16 d&#8217;octubre de 2024&#8221;<\/span><\/a><\/div><\/li>\n<li><div class=\"wp-block-latest-posts__featured-image aligncenter\"><img width=\"300\" height=\"225\" src=\"https:\/\/afainsvalldellemena.cat\/wp-content\/uploads\/2021\/05\/unnamed-2-300x225.png\" class=\"attachment-medium size-medium wp-post-image\" alt=\"\" loading=\"lazy\" style=\"\" srcset=\"https:\/\/afainsvalldellemena.cat\/wp-content\/uploads\/2021\/05\/unnamed-2-300x225.png 300w, https:\/\/afainsvalldellemena.cat\/wp-content\/uploads\/2021\/05\/unnamed-2.png 512w\" sizes=\"(max-width: 300px) 100vw, 300px\" \/><\/div><a href=\"https:\/\/afainsvalldellemena.cat\/index.php\/2023\/10\/30\/assemblea-7-de-novembre-de-2023\/\">Assemblea 7 de novembre de 2023<\/a><time datetime=\"2023-10-30T17:45:09+00:00\" class=\"wp-block-latest-posts__post-date\">30 d&#039;octubre de 2023<\/time><div class=\"wp-block-latest-posts__post-excerpt\">Com a part de l&#8217;AFA et convoquem a l&#8217;ASSEMBLEA ORDIN\u00c0RIA DE L&#8217;AFA DE L&#8217;INSTITUT VALL DE LL\u00c9MENA, que es far\u00e0 virtualment a trav\u00e9s de la plataforma &#8220;Google Meet&#8221;, el dimarts 07 de novembre a les 20:55 en primera convocat\u00f2ria i les 21:00 en segona.L&#8217;enlla\u00e7 per connectar-t&#8217;hi el facilitarem m\u00e9s endavant. L&#8217;ordre del dia previst \u00e9s<a class=\"more-link\" href=\"https:\/\/afainsvalldellemena.cat\/index.php\/2023\/10\/30\/assemblea-7-de-novembre-de-2023\/\">Continue reading <span class=\"screen-reader-text\">&#8220;Assemblea 7 de novembre de 2023&#8221;<\/span><\/a><\/div><\/li>\n<\/ul><\/div><\/div><\/div>\n\n\n\n<div class=\"wp-block-group alignfull\"><div class=\"wp-block-group__inner-container\"><\/div><\/div>\n\n\n\n<p><\/p>\n","protected":false},"excerpt":{"rendered":"<p>Qui som? L\u2019AFA la formem les fam\u00edlies dels alumnes de l\u2019Institut de la Vall de Ll\u00e9mena que ho desitgen. Els nostres objectius, que s\u00f3n recollits en els ESTATUTS,\u00a0 es centren en tots aquells aspectes que contribueixen a la formaci\u00f3 i educaci\u00f3 de l\u2019alumnat. Com ser soci@? Poden ser s\u00f2cies de l\u2019AFA totes les fam\u00edlies que<a class=\"more-link\" href=\"https:\/\/afainsvalldellemena.cat\/\">Continue reading <\/a><\/p>\n","protected":false},"author":1,"featured_media":0,"parent":0,"menu_order":0,"comment_status":"closed","ping_status":"closed","template":"","meta":[],"_links":{"self":[{"href":"https:\/\/afainsvalldellemena.cat\/index.php\/wp-json\/wp\/v2\/pages\/39"}],"collection":[{"href":"https:\/\/afainsvalldellemena.cat\/index.php\/wp-json\/wp\/v2\/pages"}],"about":[{"href":"https:\/\/afainsvalldellemena.cat\/index.php\/wp-json\/wp\/v2\/types\/page"}],"author":[{"embeddable":true,"href":"https:\/\/afainsvalldellemena.cat\/index.php\/wp-json\/wp\/v2\/users\/1"}],"replies":[{"embeddable":true,"href":"https:\/\/afainsvalldellemena.cat\/index.php\/wp-json\/wp\/v2\/comments?post=39"}],"version-history":[{"count":15,"href":"https:\/\/afainsvalldellemena.cat\/index.php\/wp-json\/wp\/v2\/pages\/39\/revisions"}],"predecessor-version":[{"id":248,"href":"https:\/\/afainsvalldellemena.cat\/index.php\/wp-json\/wp\/v2\/pages\/39\/revisions\/248"}],"wp:attachment":[{"href":"https:\/\/afainsvalldellemena.cat\/index.php\/wp-json\/wp\/v2\/media?parent=39"}],"curies":[{"name":"wp","href":"https:\/\/api.w.org\/{rel}","templated":true}]}}